{"id":2616,"date":"2022-08-02T19:10:34","date_gmt":"2022-08-02T19:10:34","guid":{"rendered":"https:\/\/meter.com.tr\/pr30\/"},"modified":"2023-04-14T12:56:29","modified_gmt":"2023-04-14T12:56:29","slug":"pr30","status":"publish","type":"page","link":"https:\/\/meter.com.tr\/en\/pr30\/","title":{"rendered":"PR30"},"content":{"rendered":"\t\t<div data-elementor-type=\"wp-page\" data-elementor-id=\"2616\" class=\"elementor elementor-2616\">\n\t\t\t\t\t\t\t\t\t<section data-particle_enable=\"false\" data-particle-mobile-disabled=\"false\" class=\"elementor-section elementor-top-section elementor-element elementor-element-b6ae6e9 elementor-section-height-min-height elementor-section-boxed elementor-section-height-default elementor-section-items-middle\" data-id=\"b6ae6e9\" data-element_type=\"section\" data-settings=\"{&quot;background_background&quot;:&quot;classic&quot;}\">\n\t\t\t\t\t\t\t<div class=\"elementor-background-overlay\"><\/div>\n\t\t\t\t\t\t\t<div class=\"elementor-container elementor-column-gap-default\">\n\t\t\t\t\t<div class=\"elementor-column elementor-col-100 elementor-top-column elementor-element elementor-element-d98ce6a\" data-id=\"d98ce6a\" data-element_type=\"column\">\n\t\t\t<div class=\"elementor-widget-wrap elementor-element-populated\">\n\t\t\t\t\t\t\t\t\t<\/div>\n\t\t<\/div>\n\t\t\t\t\t\t\t<\/div>\n\t\t<\/section>\n\t\t\t\t<section data-particle_enable=\"false\" data-particle-mobile-disabled=\"false\" class=\"elementor-section elementor-top-section elementor-element elementor-element-d7b4ce4 elementor-section-boxed elementor-section-height-default elementor-section-height-default\" data-id=\"d7b4ce4\" data-element_type=\"section\">\n\t\t\t\t\t\t<div class=\"elementor-container elementor-column-gap-default\">\n\t\t\t\t\t<div class=\"elementor-column elementor-col-100 elementor-top-column elementor-element elementor-element-8754e00\" data-id=\"8754e00\" data-element_type=\"column\">\n\t\t\t<div class=\"elementor-widget-wrap elementor-element-populated\">\n\t\t\t\t\t\t\t\t<div class=\"elementor-element elementor-element-231eadc elementor-widget elementor-widget-spacer\" data-id=\"231eadc\" data-element_type=\"widget\" data-widget_type=\"spacer.default\">\n\t\t\t\t<div class=\"elementor-widget-container\">\n\t\t\t<style>\/*! elementor - v3.6.6 - 08-06-2022 *\/\n.e-container.e-container--row .elementor-spacer-inner{width:var(--spacer-size)}.e-container.e-container--column .elementor-spacer-inner,.elementor-column .elementor-spacer-inner{height:var(--spacer-size)}<\/style>\t\t<div class=\"elementor-spacer\">\n\t\t\t<div class=\"elementor-spacer-inner\"><\/div>\n\t\t<\/div>\n\t\t\t\t<\/div>\n\t\t\t\t<\/div>\n\t\t\t\t\t<\/div>\n\t\t<\/div>\n\t\t\t\t\t\t\t<\/div>\n\t\t<\/section>\n\t\t\t\t<section data-particle_enable=\"false\" data-particle-mobile-disabled=\"false\" class=\"elementor-section elementor-top-section elementor-element elementor-element-d0dffae elementor-section-boxed elementor-section-height-default elementor-section-height-default\" data-id=\"d0dffae\" data-element_type=\"section\">\n\t\t\t\t\t\t<div class=\"elementor-container elementor-column-gap-default\">\n\t\t\t\t\t<div class=\"elementor-column elementor-col-50 elementor-top-column elementor-element elementor-element-4f01431\" data-id=\"4f01431\" data-element_type=\"column\">\n\t\t\t<div class=\"elementor-widget-wrap elementor-element-populated\">\n\t\t\t\t\t\t\t\t<div class=\"elementor-element elementor-element-81cd4e3 eael_advanced_menu_hamburger_disable_selected_menu_no eael-advanced-menu--no elementor-widget elementor-widget-eael-advanced-menu\" data-id=\"81cd4e3\" data-element_type=\"widget\" data-widget_type=\"eael-advanced-menu.skin-one\">\n\t\t\t\t<div class=\"elementor-widget-container\">\n\t\t\t<div class=\"eael-advanced-menu-container eael-advanced-menu-align-center eael-advanced-menu-dropdown-align-left\" data-indicator-class=\"fas fa-angle-down fa-solid\" data-dropdown-indicator-class=\"fas fa-angle-down fa-solid\"><ul id=\"menu-nav-menu-ingilizce\" class=\"eael-advanced-menu eael-advanced-menu-dropdown-animate-fade eael-advanced-menu-indicator eael-advanced-menu-vertical\"><li id=\"menu-item-2725\" class=\"menu-item menu-item-type-custom menu-item-object-custom menu-item-has-children menu-item-2725\"><a href=\"#\">Products<\/a>\n<ul class=\"sub-menu\">\n\t<li id=\"menu-item-2726\" class=\"menu-item menu-item-type-custom menu-item-object-custom menu-item-has-children menu-item-2726\"><a href=\"#\">Temperature Sensors<\/a>\n\t<ul class=\"sub-menu\">\n\t\t<li id=\"menu-item-2727\" class=\"menu-item menu-item-type-post_type menu-item-object-page menu-item-2727\"><a href=\"https:\/\/meter.com.tr\/en\/inset\/\">Inset<\/a><\/li>\n\t\t<li id=\"menu-item-2728\" class=\"menu-item menu-item-type-post_type menu-item-object-page menu-item-2728\"><a href=\"https:\/\/meter.com.tr\/en\/flat-type\/\">Flat Type<\/a><\/li>\n\t\t<li id=\"menu-item-2729\" class=\"menu-item menu-item-type-post_type menu-item-object-page menu-item-2729\"><a href=\"https:\/\/meter.com.tr\/en\/suitable-for-use-with-thermowell\/\">Suitable for Use with Thermowell<\/a><\/li>\n\t\t<li id=\"menu-item-2730\" class=\"menu-item menu-item-type-post_type menu-item-object-page menu-item-2730\"><a href=\"https:\/\/meter.com.tr\/en\/high-temperature-ceramic-sheath\/\">High-Temperature Ceramic Sheath<\/a><\/li>\n\t\t<li id=\"menu-item-2731\" class=\"menu-item menu-item-type-post_type menu-item-object-page menu-item-2731\"><a href=\"https:\/\/meter.com.tr\/en\/l-type\/\">L Type<\/a><\/li>\n\t<\/ul>\n<\/li>\n\t<li id=\"menu-item-2732\" class=\"menu-item menu-item-type-post_type menu-item-object-page menu-item-2732\"><a href=\"https:\/\/meter.com.tr\/en\/process-control-devices\/\">Process Control Devices<\/a><\/li>\n\t<li id=\"menu-item-2733\" class=\"menu-item menu-item-type-post_type menu-item-object-page menu-item-2733\"><a href=\"https:\/\/meter.com.tr\/en\/recorders\/\">Recorders<\/a><\/li>\n\t<li id=\"menu-item-2734\" class=\"menu-item menu-item-type-post_type menu-item-object-page menu-item-2734\"><a href=\"https:\/\/meter.com.tr\/en\/thermowell\/\">Thermowell<\/a><\/li>\n\t<li id=\"menu-item-2735\" class=\"menu-item menu-item-type-post_type menu-item-object-page menu-item-2735\"><a href=\"https:\/\/meter.com.tr\/en\/level-sensors\/\">Level Sensors<\/a><\/li>\n\t<li id=\"menu-item-2736\" class=\"menu-item menu-item-type-post_type menu-item-object-page menu-item-2736\"><a href=\"https:\/\/meter.com.tr\/en\/cables\/\">Cables<\/a><\/li>\n<\/ul>\n<\/li>\n<\/ul><\/div>\t\t<\/div>\n\t\t\t\t<\/div>\n\t\t\t\t\t<\/div>\n\t\t<\/div>\n\t\t\t\t<div class=\"elementor-column elementor-col-50 elementor-top-column elementor-element elementor-element-16f7e5b\" data-id=\"16f7e5b\" data-element_type=\"column\">\n\t\t\t<div class=\"elementor-widget-wrap elementor-element-populated\">\n\t\t\t\t\t\t\t\t<div class=\"elementor-element elementor-element-a0716e6 elementor-widget elementor-widget-eael-cta-box\" data-id=\"a0716e6\" data-element_type=\"widget\" data-widget_type=\"eael-cta-box.default\">\n\t\t\t\t<div class=\"elementor-widget-container\">\n\t\t\t\t\t\t<div class=\"eael-call-to-action cta-flex bg-lite cta-preset-1\">\n\t    <div class=\"content\">\n            <h2 class=\"title\">PR30<\/h2><p><\/p>\t    <\/div>\n\t    <div class=\"action\">\n\t        <a href=\"https:\/\/meter.com.tr\/wp-content\/uploads\/2022\/08\/170-1618343535.pdf\" class=\"cta-button  \"><\/a>\t    <\/div>\n\t<\/div>\n\t\t\t\t\t<\/div>\n\t\t\t\t<\/div>\n\t\t\t\t\t<\/div>\n\t\t<\/div>\n\t\t\t\t\t\t\t<\/div>\n\t\t<\/section>\n\t\t\t\t<section data-particle_enable=\"false\" data-particle-mobile-disabled=\"false\" class=\"elementor-section elementor-top-section elementor-element elementor-element-18af488b elementor-section-boxed elementor-section-height-default elementor-section-height-default\" data-id=\"18af488b\" data-element_type=\"section\">\n\t\t\t\t\t\t<div class=\"elementor-container elementor-column-gap-default\">\n\t\t\t\t\t<div class=\"elementor-column elementor-col-50 elementor-top-column elementor-element elementor-element-aafa28a\" data-id=\"aafa28a\" data-element_type=\"column\">\n\t\t\t<div class=\"elementor-widget-wrap elementor-element-populated\">\n\t\t\t\t\t\t\t\t<div class=\"elementor-element elementor-element-af9f778 elementor-widget elementor-widget-image\" data-id=\"af9f778\" data-element_type=\"widget\" data-widget_type=\"image.default\">\n\t\t\t\t<div class=\"elementor-widget-container\">\n\t\t\t<style>\/*! elementor - v3.6.6 - 08-06-2022 *\/\n.elementor-widget-image{text-align:center}.elementor-widget-image a{display:inline-block}.elementor-widget-image a img[src$=\".svg\"]{width:48px}.elementor-widget-image img{vertical-align:middle;display:inline-block}<\/style>\t\t\t\t\t\t\t\t\t\t\t\t<img loading=\"lazy\" decoding=\"async\" width=\"1680\" height=\"1316\" src=\"https:\/\/meter.com.tr\/wp-content\/uploads\/2022\/08\/pr30-1629956164-1.png\" class=\"elementor-animation-float attachment-full size-full\" alt=\"\" srcset=\"https:\/\/meter.com.tr\/wp-content\/uploads\/2022\/08\/pr30-1629956164-1.png 1680w, https:\/\/meter.com.tr\/wp-content\/uploads\/2022\/08\/pr30-1629956164-1-300x235.png 300w, https:\/\/meter.com.tr\/wp-content\/uploads\/2022\/08\/pr30-1629956164-1-1024x802.png 1024w, https:\/\/meter.com.tr\/wp-content\/uploads\/2022\/08\/pr30-1629956164-1-768x602.png 768w, https:\/\/meter.com.tr\/wp-content\/uploads\/2022\/08\/pr30-1629956164-1-1536x1203.png 1536w\" sizes=\"auto, (max-width: 1680px) 100vw, 1680px\" \/>\t\t\t\t\t\t\t\t\t\t\t\t\t\t\t<\/div>\n\t\t\t\t<\/div>\n\t\t\t\t\t<\/div>\n\t\t<\/div>\n\t\t\t\t<div class=\"elementor-column elementor-col-50 elementor-top-column elementor-element elementor-element-3d99be6\" data-id=\"3d99be6\" data-element_type=\"column\">\n\t\t\t<div class=\"elementor-widget-wrap elementor-element-populated\">\n\t\t\t\t\t\t\t\t<div class=\"elementor-element elementor-element-38299fc elementor-widget elementor-widget-text-editor\" data-id=\"38299fc\" data-element_type=\"widget\" data-widget_type=\"text-editor.default\">\n\t\t\t\t<div class=\"elementor-widget-container\">\n\t\t\t<style>\/*! elementor - v3.6.6 - 08-06-2022 *\/\n.elementor-widget-text-editor.elementor-drop-cap-view-stacked .elementor-drop-cap{background-color:#818a91;color:#fff}.elementor-widget-text-editor.elementor-drop-cap-view-framed .elementor-drop-cap{color:#818a91;border:3px solid;background-color:transparent}.elementor-widget-text-editor:not(.elementor-drop-cap-view-default) .elementor-drop-cap{margin-top:8px}.elementor-widget-text-editor:not(.elementor-drop-cap-view-default) .elementor-drop-cap-letter{width:1em;height:1em}.elementor-widget-text-editor .elementor-drop-cap{float:left;text-align:center;line-height:1;font-size:50px}.elementor-widget-text-editor .elementor-drop-cap-letter{display:inline-block}<\/style>\t\t\t\t<div class=\"main-content\"><div class=\"page-content page-thin\"><section class=\"product-detail new-bg\"><div class=\"container\"><div class=\"row\"><div class=\"col-md-9\"><div class=\"product-detail-right\"><div class=\"product-detail-center\"><div class=\"row\"><div class=\"col-md-7\"><div class=\"product-detail-center-description\"><h2>PR30<\/h2><\/div><\/div><\/div><\/div><\/div><\/div><\/div><\/div><\/section><\/div><\/div>\t\t\t\t\t\t<\/div>\n\t\t\t\t<\/div>\n\t\t\t\t\t<\/div>\n\t\t<\/div>\n\t\t\t\t\t\t\t<\/div>\n\t\t<\/section>\n\t\t\t\t\t\t\t<\/div>\n\t\t","protected":false},"excerpt":{"rendered":"<p>\u00dcr\u00fcnler S\u0131cakl\u0131k Alg\u0131lay\u0131c\u0131lar Inset D\u00fcz Tip Thermowell ile Kullan\u0131ma Uygun Y\u00fcksek S\u0131cakl\u0131k Seramik K\u0131l\u0131fl\u0131 L Tipi Proses Kontrol Cihazlar\u0131 Kaydediciler Thermowell Seviye Sens\u00f6rleri Kablolar PR30 PR30<\/p>\n","protected":false},"author":1,"featured_media":0,"parent":0,"menu_order":0,"comment_status":"closed","ping_status":"closed","template":"","meta":{"footnotes":""},"class_list":["post-2616","page","type-page","status-publish","hentry"],"_links":{"self":[{"href":"https:\/\/meter.com.tr\/en\/wp-json\/wp\/v2\/pages\/2616\/"}],"collection":[{"href":"https:\/\/meter.com.tr\/en\/wp-json\/wp\/v2\/pages\/"}],"about":[{"href":"https:\/\/meter.com.tr\/en\/wp-json\/wp\/v2\/types\/page\/"}],"author":[{"embeddable":true,"href":"https:\/\/meter.com.tr\/en\/wp-json\/wp\/v2\/users\/1\/"}],"replies":[{"embeddable":true,"href":"https:\/\/meter.com.tr\/en\/wp-json\/wp\/v2\/comments\/?post=2616"}],"version-history":[{"count":1,"href":"https:\/\/meter.com.tr\/en\/wp-json\/wp\/v2\/pages\/2616\/revisions\/"}],"predecessor-version":[{"id":3304,"href":"https:\/\/meter.com.tr\/en\/wp-json\/wp\/v2\/pages\/2616\/revisions\/3304\/"}],"wp:attachment":[{"href":"https:\/\/meter.com.tr\/en\/wp-json\/wp\/v2\/media\/?parent=2616"}],"curies":[{"name":"wp","href":"https:\/\/api.w.org\/{rel}","templated":true}]}}